{"id":815,"date":"2025-07-25T09:46:48","date_gmt":"2025-07-25T07:46:48","guid":{"rendered":"https:\/\/mrmetal.pl\/?page_id=815"},"modified":"2025-10-18T21:29:26","modified_gmt":"2025-10-18T19:29:26","slug":"elementor-strona-815","status":"publish","type":"page","link":"https:\/\/mrmetal.pl\/?page_id=815","title":{"rendered":"Zanim kt\u00f3r\u0105\u015b wybierzesz"},"content":{"rendered":"\t\t<div data-elementor-type=\"wp-page\" data-elementor-id=\"815\" class=\"elementor elementor-815\" data-elementor-post-type=\"page\">\n\t\t\t\t<div class=\"elementor-element elementor-element-5eeec6bb e-flex e-con-boxed e-con e-parent\" data-id=\"5eeec6bb\" data-element_type=\"container\">\n\t\t\t\t\t<div class=\"e-con-inner\">\n\t\t\t\t<div class=\"elementor-element elementor-element-1d35e6df elementor-widget elementor-widget-spacer\" data-id=\"1d35e6df\" data-element_type=\"widget\" data-widget_type=\"spacer.default\">\n\t\t\t\t\t\t\t<div class=\"elementor-spacer\">\n\t\t\t<div class=\"elementor-spacer-inner\"><\/div>\n\t\t<\/div>\n\t\t\t\t\t\t<\/div>\n\t\t\t\t\t<\/div>\n\t\t\t\t<\/div>\n\t\t<div class=\"elementor-element elementor-element-6338b62a e-con-full e-flex e-con e-parent\" data-id=\"6338b62a\" data-element_type=\"container\">\n\t\t\t\t<div class=\"elementor-element elementor-element-123a70d2 elementor-widget-mobile__width-initial elementor-widget elementor-widget-heading\" data-id=\"123a70d2\" data-element_type=\"widget\" data-widget_type=\"heading.default\">\n\t\t\t\t\t<h3 class=\"elementor-heading-title elementor-size-default\">Nie wiesz od czego zacz\u0105\u0107?<\/h3>\t\t\t\t<\/div>\n\t\t\t\t<\/div>\n\t\t<div class=\"elementor-element elementor-element-576e138 e-flex e-con-boxed e-con e-parent\" data-id=\"576e138\" data-element_type=\"container\">\n\t\t\t\t\t<div class=\"e-con-inner\">\n\t\t\t\t\t<\/div>\n\t\t\t\t<\/div>\n\t\t<div class=\"elementor-element elementor-element-620395c e-flex e-con-boxed e-con e-parent\" data-id=\"620395c\" data-element_type=\"container\">\n\t\t\t\t\t<div class=\"e-con-inner\">\n\t\t\t\t<div class=\"elementor-element elementor-element-fb02566 elementor-widget elementor-widget-html\" data-id=\"fb02566\" data-element_type=\"widget\" data-widget_type=\"html.default\">\n\t\t\t\t\t<style>\n.hero-overlay {\n  position: absolute;\n  top: 50%;\n  left: 50%;\n  transform: translate(-50%, -50%);\n  text-align: left;\n  padding: 2rem;\n  width: 85%;\n  min-width: 280px;\n  max-width: 450px;\n  max-height: 80vh;\n  backdrop-filter: blur(10px);\n  background-color: rgba(0, 0, 0, 0.1);\n  border-radius: 16px;\n  box-shadow: 0 8px 24px rgba(0,0,0,0);\n  box-sizing: border-box;\n  overflow-x:  hidden;\n  overflow: hidden;\n  border-left: 1px solid #d4af37;\n}\n\n.arch-header {\n  margin-bottom: 1.5rem;\n}\n\n.hero-text {\n  font-size: 2rem;\n  font-weight: 600;\n  color: #fff;\n  margin: 0 0 0.5rem 0;\n  line-height: 1.3;\n}\n\n.hero-highlight {\n  color: #d4af37;\n  font-weight: 500;\n}\n\n.arch-divider {\n  height: 2px;\n  width: 60px;\n  background: linear-gradient(90deg, #d4af37 0%, transparent 100%);\n  margin: 0.8rem 0;\n}\n\n.hero-subtext {\n  font-size: 1.15rem;\n  line-height: 1.6;\n  color: rgba(255,255,255,0.85);\n  margin-bottom: 1.5rem;\n}\n\n.hero-cta {\n  display: inline-block;\n  background-color: #d4af37;\n  color: #000;\n  padding: 0.8rem 1.5rem;\n  border-radius: 8px;\n  font-weight: 600;\n  text-decoration: none;\n  transition: all 0.3s ease;\n  border: 2px solid transparent;\n}\n\n.hero-cta:hover {\n  background-color: transparent;\n  color: #d4af37;\n  border-color: #d4af37;\n}\n\n\/* Responsywno\u015b\u0107 *\/\n@media (max-width: 768px) {\n  .hero-overlay {\n    padding: 1.5rem;\n    width: 50%;\n    overflow: hidden;\n    overflow-x: hidden;\n  }\n  .hero-text {\n    font-size: 1.8rem;\n  }\n}\n\n@media (max-width: 480px) {\n  .hero-overlay {\n    padding: 1rem;\n    width: 50%;\n    overflow: hidden;\n    overflow-x: hidden;\n    \n  }\n  .hero-text {\n    font-size: 1.5rem;\n  }\n  .hero-cta {\n    padding: 0.6rem 1.2rem;\n    font-size: 0.9rem;\n  }\n}\n<\/style>\t\t\t\t<\/div>\n\t\t\t\t\t<\/div>\n\t\t\t\t<\/div>\n\t\t<div class=\"elementor-element elementor-element-207accf e-flex e-con-boxed e-con e-parent\" data-id=\"207accf\" data-element_type=\"container\">\n\t\t\t\t\t<div class=\"e-con-inner\">\n\t\t\t\t\t<\/div>\n\t\t\t\t<\/div>\n\t\t<div class=\"elementor-element elementor-element-3ce8f06e e-con-full e-flex e-con e-parent\" data-id=\"3ce8f06e\" data-element_type=\"container\">\n\t\t<div class=\"elementor-element elementor-element-13aeab2 e-con-full e-flex e-con e-child\" data-id=\"13aeab2\" data-element_type=\"container\">\n\t\t\t\t<\/div>\n\t\t<div class=\"elementor-element elementor-element-48c022c3 e-con-full e-flex e-con e-child\" data-id=\"48c022c3\" data-element_type=\"container\">\n\t\t\t\t<div class=\"elementor-element elementor-element-2fc989b3 elementor-widget elementor-widget-html\" data-id=\"2fc989b3\" data-element_type=\"widget\" data-widget_type=\"html.default\">\n\t\t\t\t\t\n<p style=\"font-size:16em; text-align:center;\">&#10112;<\/p>\n\t\t\t\t<\/div>\n\t\t\t\t<\/div>\n\t\t<div class=\"elementor-element elementor-element-4412aeac e-con-full e-flex e-con e-child\" data-id=\"4412aeac\" data-element_type=\"container\">\n\t\t<div class=\"elementor-element elementor-element-17cbfd78 e-con-full e-flex e-con e-child\" data-id=\"17cbfd78\" data-element_type=\"container\">\n\t\t\t\t<div class=\"elementor-element elementor-element-275a224 elementor-widget elementor-widget-text-editor\" data-id=\"275a224\" data-element_type=\"widget\" data-widget_type=\"text-editor.default\">\n\t\t\t\t\t\t\t\t\t<h2><span class=\"hero-highlight\">Jaki wz\u00f3r barierki wybra\u0107?<\/span><\/h2>\n<div class=\"barierka-wybor\">\n<h3>\u2609 Zastan\u00f3w si\u0119, czego potrzebujesz najbardziej?<\/h3>\n\u27a1 Prywatno\u015bci? Bezpiecze\u0144stwa dla dziecka? Estetyki?\n<h3>\u2609 Masz balkon od ulicy?<\/h3>\n\u27a1 Wybierz wz\u00f3r z g\u0119stym lub poziomym wype\u0142nieniem \u2013 daje wi\u0119cej prywatno\u015bci.\n<h3>\u2609 Jeste\u015b wysoko?<\/h3>\n\u27a1 Barierka z poziomymi elementami mo\u017ce poszerzy\u0107 widok i da\u0107 przestrze\u0144 na ro\u015bliny lub porann\u0105 kaw\u0119.\n<h3>\u2609 Parter lub <strong>ma\u0142e dzieci<\/strong> w domu?<\/h3>\n\u27a1 Lepsze b\u0119d\u0105 <em>pionowe<\/em> pr\u0119ty <strong>\u2013 bezpieczniejsze i trudniejsze do wspinania.<\/strong>\n<h3>\u2609 Lubisz \u0142atwe sprz\u0105tanie?<\/h3>\n\u27a1 Im prostszy wz\u00f3r, tym mniej zakamark\u00f3w do czyszczenia \u2013 praktyczniej na co dzie\u0144.\n\n<em>\u275c\u275cBalustrada, to nie tylko ozdoba \u2013 to decyzja o komforcie \u017cycia.\u275b\u275b<\/em>\n\n<\/div>\t\t\t\t\t\t\t\t<\/div>\n\t\t\t\t<\/div>\n\t\t\t\t<\/div>\n\t\t<div class=\"elementor-element elementor-element-7fdde91 e-con-full e-flex e-con e-child\" data-id=\"7fdde91\" data-element_type=\"container\">\n\t\t\t\t<\/div>\n\t\t\t\t<\/div>\n\t\t<div class=\"elementor-element elementor-element-5849607 e-flex e-con-boxed e-con e-parent\" data-id=\"5849607\" data-element_type=\"container\">\n\t\t\t\t\t<div class=\"e-con-inner\">\n\t\t<div class=\"elementor-element elementor-element-34ed8de e-con-full e-flex e-con e-child\" data-id=\"34ed8de\" data-element_type=\"container\">\n\t\t\t\t<\/div>\n\t\t<div class=\"elementor-element elementor-element-e9edd4c e-con-full e-flex e-con e-child\" data-id=\"e9edd4c\" data-element_type=\"container\">\n\t\t\t\t<div class=\"elementor-element elementor-element-1b1c5dd elementor-widget elementor-widget-text-editor\" data-id=\"1b1c5dd\" data-element_type=\"widget\" data-widget_type=\"text-editor.default\">\n\t\t\t\t\t\t\t\t\t<h2><span class=\"hero-highlight\">Jaki materia\u0142 wybra\u0107?<\/span><\/h2><div class=\"barierka-wybor\"><h3>\u2609 Cie\u0144szy materia\u0142?<\/h3><p>\u2714 mniejszy koszt materia\u0142u<br \/>\u2718 Mniej trwa\u0142y<br \/>\u2718 Mo\u017ce si\u0119 odkszta\u0142ci\u0107 w trudnych warunkach<\/p><h3>\u2609 Grubszy materia\u0142?<\/h3><p>\u2714 Wytrzyma\u0142o\u015b\u0107 na lata<br \/>\u2714 Wi\u0119ksze bezpiecze\u0144stwo<br \/>\u2718 Wi\u0119kszy koszt materia\u0142u<\/p><h3>\u2609 Co wybra\u0107??<\/h3><p>\u2714 Je\u015bli to Tw\u00f3j dom na d\u0142u\u017cej \u2013 <strong>zainwestuj w solidno\u015b\u0107<\/strong><br \/>\u2714 Wi\u0119ksze bezpiecze\u0144stwo<\/p><p>\u00a0<\/p><p><em>\u275c\u275cWyb\u00f3r materia\u0142u to technikalia, ale od tego zale\u017cy trwa\u0142o\u015b\u0107 twojej inwestyji.\u275b\u275b<\/em><\/p><\/div>\t\t\t\t\t\t\t\t<\/div>\n\t\t\t\t<\/div>\n\t\t<div class=\"elementor-element elementor-element-4785670 e-con-full e-flex e-con e-child\" data-id=\"4785670\" data-element_type=\"container\">\n\t\t\t\t<div class=\"elementor-element elementor-element-b53892a elementor-widget elementor-widget-html\" data-id=\"b53892a\" data-element_type=\"widget\" data-widget_type=\"html.default\">\n\t\t\t\t\t\n<p style=\"font-size:16em; text-align:center;\">&#10113;<\/p>\n\t\t\t\t<\/div>\n\t\t\t\t<\/div>\n\t\t<div class=\"elementor-element elementor-element-1c1e788 e-con-full e-flex e-con e-child\" data-id=\"1c1e788\" data-element_type=\"container\">\n\t\t\t\t<\/div>\n\t\t\t\t\t<\/div>\n\t\t\t\t<\/div>\n\t\t<div class=\"elementor-element elementor-element-ce59e3a e-con-full e-flex e-con e-parent\" data-id=\"ce59e3a\" data-element_type=\"container\">\n\t\t<div class=\"elementor-element elementor-element-f1301e1 e-con-full e-flex e-con e-child\" data-id=\"f1301e1\" data-element_type=\"container\">\n\t\t\t\t<\/div>\n\t\t<div class=\"elementor-element elementor-element-53a9acf e-con-full e-flex e-con e-child\" data-id=\"53a9acf\" data-element_type=\"container\">\n\t\t\t\t<div class=\"elementor-element elementor-element-535e11e elementor-widget elementor-widget-html\" data-id=\"535e11e\" data-element_type=\"widget\" data-widget_type=\"html.default\">\n\t\t\t\t\t\n<p style=\"font-size:16em; text-align:center;\">&#10114;<\/p>\n\t\t\t\t<\/div>\n\t\t\t\t<\/div>\n\t\t<div class=\"elementor-element elementor-element-85b5d11 e-con-full e-flex e-con e-child\" data-id=\"85b5d11\" data-element_type=\"container\">\n\t\t<div class=\"elementor-element elementor-element-42b65a1 e-con-full e-flex e-con e-child\" data-id=\"42b65a1\" data-element_type=\"container\">\n\t\t\t\t<div class=\"elementor-element elementor-element-379925d elementor-widget elementor-widget-text-editor\" data-id=\"379925d\" data-element_type=\"widget\" data-widget_type=\"text-editor.default\">\n\t\t\t\t\t\t\t\t\t<h2><span class=\"hero-highlight\">Malowanie i ocynk \u2013 czy to naprawd\u0119 wa\u017cne?<\/span><\/h2><div class=\"barierka-wybor\"><h3>\u2609 Ocynk ogniowy?<\/h3><p>\u2714 Chroni stal przed korozj\u0105<\/p><p>\u2714 Dzia\u0142a latami, nawet w wilgotnym klimacie<\/p><h3>\u2609 Malowanie proszkowe?<\/h3><p>\u2714 Odporno\u015b\u0107 na zarysowania i promienie UV<\/p><p>\u2714 Mo\u017cna dopasowa\u0107 do elewacji, okien, stylu<\/p><h3>\u2609 Czy duet b\u0119dzie najlepszy?<\/h3><p>\u2714Ocynk + malowanie proszkowe = barierka odporna na d\u0142u\u017cszy czas i ka\u017cd\u0105 pogod\u0119<br \/><br \/><\/p><p><em>\u275c\u275cOdpowiednie zabezpieczenie materia\u0142u, to gwarancja trwa\u0142o\u015bci\u275b\u275b<\/em><\/p><\/div>\t\t\t\t\t\t\t\t<\/div>\n\t\t\t\t<\/div>\n\t\t\t\t<\/div>\n\t\t<div class=\"elementor-element elementor-element-d6ced00 e-con-full e-flex e-con e-child\" data-id=\"d6ced00\" data-element_type=\"container\">\n\t\t\t\t<\/div>\n\t\t\t\t<\/div>\n\t\t<div class=\"elementor-element elementor-element-504058d e-flex e-con-boxed e-con e-parent\" data-id=\"504058d\" data-element_type=\"container\">\n\t\t\t\t\t<div class=\"e-con-inner\">\n\t\t<div class=\"elementor-element elementor-element-dd3388f e-con-full e-flex e-con e-child\" data-id=\"dd3388f\" data-element_type=\"container\">\n\t\t\t\t<\/div>\n\t\t<div class=\"elementor-element elementor-element-b61db56 e-con-full e-flex e-con e-child\" data-id=\"b61db56\" data-element_type=\"container\">\n\t\t\t\t<div class=\"elementor-element elementor-element-7474c8d elementor-widget elementor-widget-text-editor\" data-id=\"7474c8d\" data-element_type=\"widget\" data-widget_type=\"text-editor.default\">\n\t\t\t\t\t\t\t\t\t<h2><span class=\"hero-highlight\">4 kroki i po sprawie. <\/span><\/h2><div class=\"barierka-wybor\"><h3>\u2776 Kontakt z Nami!<\/h3><p>\u27a1 Odpowiemy prostym j\u0119zykiem<\/p><h3>\u2777 Wyb\u00f3r wzoru, materia\u0142u i koloru.<\/h3><p>\u27a1 Doradzimy, je\u015bli chcesz<\/p><h3>\u2778 Pomiar, Model 3D i wycena.<\/h3><p>\u27a1 Wszystko jasno i konkretnie<\/p><h3>\u2779 Produkcja i monta\u017c.<\/h3><p>\u27a1 Nie musisz si\u0119 niczym martwi\u0107<\/p><\/div>\t\t\t\t\t\t\t\t<\/div>\n\t\t\t\t<\/div>\n\t\t<div class=\"elementor-element elementor-element-f4d3d0f e-con-full e-flex e-con e-child\" data-id=\"f4d3d0f\" data-element_type=\"container\">\n\t\t\t\t<div class=\"elementor-element elementor-element-069aca1 elementor-widget elementor-widget-html\" data-id=\"069aca1\" data-element_type=\"widget\" data-widget_type=\"html.default\">\n\t\t\t\t\t\n<p style=\"font-size:16em; text-align:center;\">&#10115;<\/p>\n\t\t\t\t<\/div>\n\t\t\t\t<\/div>\n\t\t<div class=\"elementor-element elementor-element-db0cf52 e-con-full e-flex e-con e-child\" data-id=\"db0cf52\" data-element_type=\"container\">\n\t\t\t\t<\/div>\n\t\t\t\t\t<\/div>\n\t\t\t\t<\/div>\n\t\t<div class=\"elementor-element elementor-element-329ef4e e-flex e-con-boxed e-con e-parent\" data-id=\"329ef4e\" data-element_type=\"container\">\n\t\t\t\t\t<div class=\"e-con-inner\">\n\t\t<div class=\"elementor-element elementor-element-709e10ad e-con-full e-flex e-con e-child\" data-id=\"709e10ad\" data-element_type=\"container\">\n\t\t\t\t<div class=\"elementor-element elementor-element-14f63479 elementor-widget elementor-widget-text-editor\" data-id=\"14f63479\" data-element_type=\"widget\" data-widget_type=\"text-editor.default\">\n\t\t\t\t\t\t\t\t\t<div class=\"arch-feature-box\"><div class=\"arch-header\"><h2>Masz w\u0142asny pomys\u0142?<\/h2><h4>Masz projekt w na serwetce?<\/h4><h5>Masz projekt w zeszyciku?<\/h5><h2><span class=\"hero-highlight\">Skontaktuj sie z nami!!! <\/span><\/h2><\/div><\/div><div class=\"arch-benefits\"><div class=\"arch-benefit\"><div class=\"arch-icon\">\u2713Bezp\u0142atny projekt<\/div><div>\u00a0<\/div><\/div><div class=\"arch-benefit\"><div class=\"arch-icon\">\u2713Wycena<\/div><div>\u00a0<\/div><\/div><div class=\"arch-benefit\"><div class=\"arch-icon\">\u2713Realizacja i monta\u017c<\/div><\/div><\/div><p><!-- Dodaj to w sekcji head strony --><\/p><p><style>\n.arch-feature-box {<br \/>  background: rgba(25, 28, 32, 0.92);<br \/>  backdrop-filter: blur(8px);<br \/>  border: 1px solid rgba(255,255,255,0.08);<br \/>  padding: 2.5rem;<br \/>  border-radius: 12px;<br \/>  max-width: 700px;<br \/>  margin: 2rem auto;<br \/>  box-shadow: 0 4px 24px rgba(0,0,0,0.2);<\/p>\n<p>}<\/p>\n<p>.arch-header {<br \/>  margin-bottom: 1.8rem;<br \/>}<\/p>\n<p>.arch-header h2 {<br \/>  font-size: 2rem;<br \/>  font-weight: 600; \/* Poppins wspiera t\u0119 grubo\u015b\u0107 czcionki *\/<br \/>  color: #fff;<br \/>  margin: 0 0 0.5rem 0;<br \/>  letter-spacing: -0.5px;<br \/>}<\/p>\n<p>.arch-highlight {<br \/>  color: #d4af37;<br \/>  font-weight: 500; \/* \u015arednia grubo\u015b\u0107 w Poppins *\/<br \/>}<\/p>\n<p>.arch-divider {<br \/>  height: 2px;<br \/>  width: 60px;<br \/>  background: linear-gradient(90deg, #d4af37 0%, transparent 100%);<br \/>  margin-top: 0.8rem;<br \/>}<\/p>\n<p>.arch-description {<br \/>  font-size: 1.15rem;<br \/>  line-height: 1.6;<br \/>  color: rgba(255,255,255,0.85);<br \/>  margin-bottom: 2rem;<br \/>  font-weight: 400; \/* Regular weight *\/<br \/>}<\/p>\n<p>.arch-benefits {<br \/>  display: grid;<br \/>  grid-template-columns: repeat(auto-fit, minmax(200px, 1fr));<br \/>  gap: 1.2rem;<br \/>}<\/p>\n<p>.arch-benefit {<br \/>  display: flex;<br \/>  align-items: center;<br \/>  gap: 0.8rem;<br \/>  font-size: 1.05rem;<br \/>  color: rgba(255,255,255,0.9);<br \/>  padding: 0.6rem 0;<br \/>  font-weight: 500; \/* Medium weight *\/<br \/>}<\/p>\n<p>.arch-icon {<br \/>  width: 24px;<br \/>  height: 24px;<br \/>  background: rgba(212, 175, 55, 0.15);<br \/>  border-radius: 50%;<br \/>  display: flex;<br \/>  align-items: center;<br \/>  justify-content: center;<br \/>  color: #d4af37;<br \/>  font-weight: bold;<br \/>  font-size: 0.9rem;<br \/>}<\/p>\n<p>\/* Responsywno\u015b\u0107 *\/<br \/>@media (max-width: 768px) {<br \/>  .arch-feature-box {<br \/>    padding: 2rem;<br \/>  }<\/p>\n<p>  .arch-header h2 {<br \/>    font-size: 1.8rem;<br \/>  }<br \/>}<\/p>\n<p>@media (max-width: 480px) {<br \/>  .arch-feature-box {<br \/>    padding: 1.5rem;<br \/>  }<\/p>\n<p>  .arch-benefits {<br \/>    grid-template-columns: 1fr;<br \/>  }<\/p>\n<p>  .arch-header h2 {<br \/>    font-size: 1.6rem;<br \/>  }<br \/>}<br \/><\/style><\/p>\t\t\t\t\t\t\t\t<\/div>\n\t\t\t\t<\/div>\n\t\t<div class=\"elementor-element elementor-element-2559218d e-con-full e-flex e-con e-child\" data-id=\"2559218d\" data-element_type=\"container\">\n\t\t<div class=\"elementor-element elementor-element-29cb7de7 e-con-full e-flex e-con e-child\" data-id=\"29cb7de7\" data-element_type=\"container\">\n\t\t\t\t<div class=\"elementor-element elementor-element-48235b8 elementor-widget elementor-widget-html\" data-id=\"48235b8\" data-element_type=\"widget\" data-widget_type=\"html.default\">\n\t\t\t\t\t<style>\n  .static-image-container {\n    width: 100%;\n    max-width: 1000px;\n    margin: auto;\n    position: relative;\n    border-radius: 12px;\n    overflow: hidden;\n  }\n\n  .static-image-container img {\n    width: 100%;\n    height: auto;\n    display: block;\n    border-radius: 12px;\n  }\n\n  .model3d-hint {\n    position: absolute;\n    right: 20px;\n    bottom: 20px;\n    background: rgba(0, 0, 0, 0.75);\n    color: white;\n    padding: 12px 20px;\n    border-radius: 8px;\n    font-size: 16px;\n    font-weight: 500;\n    backdrop-filter: blur(5px);\n    border: 1px solid rgba(255, 255, 255, 0.2);\n    display: flex;\n    align-items: center;\n    gap: 8px;\n    z-index: 10;\n    animation: pulse 2s infinite;\n    max-width: 80%;\n    text-decoration: none;\n  }\n\n  @keyframes pulse {\n    0% { transform: translateX(0); }\n    50% { transform: translateX(5px); }\n    100% { transform: translateX(0); }\n  }\n\n  @media (max-width: 768px) {\n    .static-image-container {\n      width: 100%;\n    }\n\n    .model3d-hint {\n      font-size: 14px;\n      padding: 10px 16px;\n      right: 10px;\n      bottom: 10px;\n    }\n  }\n<\/style>\n\n<div class=\"static-image-container\">\n  <img decoding=\"async\" src=\"https:\/\/mrmetal.pl\/wp-content\/uploads\/2025\/foto\/measure.png\" alt=\"Balustrada\">\n  <a class=\"model3d-hint\" href=\"tel:+48502924378\">Skontaktuj si\u0119, stworzymy co\u015b razem.<\/a>\n<\/div>\n\t\t\t\t<\/div>\n\t\t\t\t<\/div>\n\t\t\t\t<\/div>\n\t\t\t\t\t<\/div>\n\t\t\t\t<\/div>\n\t\t<div class=\"elementor-element elementor-element-38ebedee e-flex e-con-boxed e-con e-parent\" data-id=\"38ebedee\" data-element_type=\"container\">\n\t\t\t\t\t<div class=\"e-con-inner\">\n\t\t\t\t<div class=\"elementor-element elementor-element-565e209b elementor-widget elementor-widget-spacer\" data-id=\"565e209b\" data-element_type=\"widget\" data-widget_type=\"spacer.default\">\n\t\t\t\t\t\t\t<div class=\"elementor-spacer\">\n\t\t\t<div class=\"elementor-spacer-inner\"><\/div>\n\t\t<\/div>\n\t\t\t\t\t\t<\/div>\n\t\t\t\t\t<\/div>\n\t\t\t\t<\/div>\n\t\t<div class=\"elementor-element elementor-element-7eccf937 e-flex e-con-boxed e-con e-parent\" data-id=\"7eccf937\" data-element_type=\"container\">\n\t\t\t\t\t<div class=\"e-con-inner\">\n\t\t\t\t<div class=\"elementor-element elementor-element-2c264579 elementor-widget-mobile__width-initial elementor-widget elementor-widget-heading\" data-id=\"2c264579\" data-element_type=\"widget\" data-widget_type=\"heading.default\">\n\t\t\t\t\t<h3 class=\"elementor-heading-title elementor-size-default\">Zaprojektujmy co\u015b razem.<\/h3>\t\t\t\t<\/div>\n\t\t\t\t\t<\/div>\n\t\t\t\t<\/div>\n\t\t\t\t<\/div>\n\t\t","protected":false},"excerpt":{"rendered":"<p>Nie wiesz od czego zacz\u0105\u0107? &#10112; Jaki wz\u00f3r barierki wybra\u0107? \u2609 Zastan\u00f3w si\u0119, czego potrzebujesz najbardziej? \u27a1 Prywatno\u015bci? Bezpiecze\u0144stwa dla dziecka? Estetyki? \u2609 Masz balkon od ulicy? \u27a1 Wybierz wz\u00f3r z g\u0119stym lub poziomym wype\u0142nieniem \u2013 daje wi\u0119cej prywatno\u015bci. \u2609 Jeste\u015b wysoko? \u27a1 Barierka z poziomymi elementami mo\u017ce poszerzy\u0107 widok i da\u0107 przestrze\u0144 na ro\u015bliny [&hellip;]<\/p>\n","protected":false},"author":1,"featured_media":0,"parent":0,"menu_order":0,"comment_status":"closed","ping_status":"closed","template":"elementor_header_footer","meta":{"footnotes":""},"class_list":["post-815","page","type-page","status-publish","hentry"],"_links":{"self":[{"href":"https:\/\/mrmetal.pl\/index.php?rest_route=\/wp\/v2\/pages\/815","targetHints":{"allow":["GET"]}}],"collection":[{"href":"https:\/\/mrmetal.pl\/index.php?rest_route=\/wp\/v2\/pages"}],"about":[{"href":"https:\/\/mrmetal.pl\/index.php?rest_route=\/wp\/v2\/types\/page"}],"author":[{"embeddable":true,"href":"https:\/\/mrmetal.pl\/index.php?rest_route=\/wp\/v2\/users\/1"}],"replies":[{"embeddable":true,"href":"https:\/\/mrmetal.pl\/index.php?rest_route=%2Fwp%2Fv2%2Fcomments&post=815"}],"version-history":[{"count":116,"href":"https:\/\/mrmetal.pl\/index.php?rest_route=\/wp\/v2\/pages\/815\/revisions"}],"predecessor-version":[{"id":980,"href":"https:\/\/mrmetal.pl\/index.php?rest_route=\/wp\/v2\/pages\/815\/revisions\/980"}],"wp:attachment":[{"href":"https:\/\/mrmetal.pl\/index.php?rest_route=%2Fwp%2Fv2%2Fmedia&parent=815"}],"curies":[{"name":"wp","href":"https:\/\/api.w.org\/{rel}","templated":true}]}}